{"id":454,"date":"2022-11-16T21:50:38","date_gmt":"2022-11-16T21:50:38","guid":{"rendered":"https:\/\/krypton-villaclub.com\/home\/ingresar\/"},"modified":"2023-02-01T16:02:58","modified_gmt":"2023-02-01T21:02:58","slug":"ingresar","status":"publish","type":"page","link":"https:\/\/krypton-villaclub.com\/home\/ingresar\/","title":{"rendered":"Ingresar"},"content":{"rendered":"\t\t<div data-elementor-type=\"wp-page\" data-elementor-id=\"454\" class=\"elementor elementor-454\">\n\t\t\t\t\t\t<section class=\"elementor-section elementor-top-section elementor-element elementor-element-5eb5c91f elementor-section-boxed elementor-section-height-default elementor-section-height-default\" data-id=\"5eb5c91f\" data-element_type=\"section\">\n\t\t\t\t\t\t<div class=\"elementor-container elementor-column-gap-default\">\n\t\t\t\t\t<div class=\"elementor-column elementor-col-100 elementor-top-column elementor-element elementor-element-793e4c39\" data-id=\"793e4c39\" data-element_type=\"column\">\n\t\t\t<div class=\"elementor-widget-wrap elementor-element-populated\">\n\t\t\t\t\t\t<div class=\"elementor-element elementor-element-6e5ff26d elementor-widget elementor-widget-shortcode\" data-id=\"6e5ff26d\" data-element_type=\"widget\" data-widget_type=\"shortcode.default\">\n\t\t\t\t<div class=\"elementor-widget-container\">\n\t\t\t\t\t\t\t<div class=\"elementor-shortcode\"><div class=\"login\" id=\"wpuf-login-form\">\n\n    \n    \n    <form name=\"loginform\" class=\"wpuf-login-form\" id=\"loginform\" action=\"https:\/\/krypton-villaclub.com\/home\/ingresar\/\" method=\"post\">\n        <p>\n            <label for=\"wpuf-user_login\">Username or Email<\/label>\n            <input type=\"text\" name=\"log\" id=\"wpuf-user_login\" class=\"input\" value=\"\" size=\"20\" \/>\n        <\/p>\n        <p>\n            <label for=\"wpuf-user_pass\">Contrase\u00f1a<\/label>\n            <input type=\"password\" name=\"pwd\" id=\"wpuf-user_pass\" class=\"input\" value=\"\" size=\"20\" \/>\n        <\/p>\n\n                \n        \n        <p class=\"forgetmenot wpuf-remember-forgot-wrapper\">\n            <span class=\"wpuf-remember-me\">\n                <input name=\"rememberme\" type=\"checkbox\" id=\"wpuf-rememberme\" value=\"forever\" \/>\n                <label for=\"wpuf-rememberme\">Rec\u00faerdame<\/label>\n            <\/span>\n            <span class=\"wpuf-lost-password\">\n                <a href=\"https:\/\/krypton-villaclub.com\/home\/ingresar\/?action=lostpassword\">Lost Password<\/a>\n            <\/span>\n        <\/p>\n\n        <p class=\"submit\">\n            <input type=\"submit\" name=\"wp-submit\" id=\"wp-submit\" value=\"Inicio\" \/>\n            <input type=\"hidden\" name=\"redirect_to\" value=\"https:\/\/krypton-villaclub.com\/home\/inicio\/\" \/>\n            <input type=\"hidden\" name=\"wpuf_login\" value=\"true\" \/>\n            <input type=\"hidden\" name=\"action\" value=\"login\" \/>\n            <input type=\"hidden\" id=\"wpuf-login-nonce\" name=\"wpuf-login-nonce\" value=\"ee1bfa9ecf\" \/><input type=\"hidden\" name=\"_wp_http_referer\" value=\"\/home\/wp-json\/wp\/v2\/pages\/454\" \/>        <\/p>\n        <p>\n                    <\/p>\n    <\/form>\n\n    <\/div>\n<\/div>\n\t\t\t\t\t\t<\/div>\n\t\t\t\t<\/div>\n\t\t\t\t\t<\/div>\n\t\t<\/div>\n\t\t\t\t\t<\/div>\n\t\t<\/section>\n\t\t\t\t<section class=\"elementor-section elementor-top-section elementor-element elementor-element-d7502e2 elementor-section-boxed elementor-section-height-default elementor-section-height-default\" data-id=\"d7502e2\" data-element_type=\"section\">\n\t\t\t\t\t\t<div class=\"elementor-container elementor-column-gap-default\">\n\t\t\t\t\t<div class=\"elementor-column elementor-col-100 elementor-top-column elementor-element elementor-element-2ba6fc2\" data-id=\"2ba6fc2\" data-element_type=\"column\">\n\t\t\t<div class=\"elementor-widget-wrap elementor-element-populated\">\n\t\t\t\t\t\t<section class=\"elementor-section elementor-inner-section elementor-element elementor-element-9b5538a elementor-section-boxed elementor-section-height-default elementor-section-height-default\" data-id=\"9b5538a\" data-element_type=\"section\">\n\t\t\t\t\t\t<div class=\"elementor-container elementor-column-gap-default\">\n\t\t\t\t\t<div class=\"elementor-column elementor-col-50 elementor-inner-column elementor-element elementor-element-d2c7e15\" data-id=\"d2c7e15\" data-element_type=\"column\">\n\t\t\t<div class=\"elementor-widget-wrap elementor-element-populated\">\n\t\t\t\t\t\t<div class=\"elementor-element elementor-element-4cc1f74 elementor-widget elementor-widget-heading\" data-id=\"4cc1f74\" data-element_type=\"widget\" data-widget_type=\"heading.default\">\n\t\t\t\t<div class=\"elementor-widget-container\">\n\t\t\t\t\t<h2 class=\"elementor-heading-title elementor-size-default\">\u00bfNo tienes una cuenta? Reg\u00edstrate aqu\u00ed<\/h2>\t\t\t\t<\/div>\n\t\t\t\t<\/div>\n\t\t\t\t\t<\/div>\n\t\t<\/div>\n\t\t\t\t<div class=\"elementor-column elementor-col-50 elementor-inner-column elementor-element elementor-element-82a0984\" data-id=\"82a0984\" data-element_type=\"column\">\n\t\t\t<div class=\"elementor-widget-wrap elementor-element-populated\">\n\t\t\t\t\t\t<div class=\"elementor-element elementor-element-f8925d3 elementor-button-warning elementor-align-left elementor-widget elementor-widget-button\" data-id=\"f8925d3\" data-element_type=\"widget\" data-widget_type=\"button.default\">\n\t\t\t\t<div class=\"elementor-widget-container\">\n\t\t\t\t\t\t\t\t\t<div class=\"elementor-button-wrapper\">\n\t\t\t\t\t<a class=\"elementor-button elementor-button-link elementor-size-md\" href=\"https:\/\/krypton-villaclub.com\/home\/registro\/\">\n\t\t\t\t\t\t<span class=\"elementor-button-content-wrapper\">\n\t\t\t\t\t\t\t\t\t<span class=\"elementor-button-text\">REG\u00cdSTRATE<\/span>\n\t\t\t\t\t<\/span>\n\t\t\t\t\t<\/a>\n\t\t\t\t<\/div>\n\t\t\t\t\t\t\t\t<\/div>\n\t\t\t\t<\/div>\n\t\t\t\t\t<\/div>\n\t\t<\/div>\n\t\t\t\t\t<\/div>\n\t\t<\/section>\n\t\t\t\t\t<\/div>\n\t\t<\/div>\n\t\t\t\t\t<\/div>\n\t\t<\/section>\n\t\t\t\t<\/div>\n\t\t","protected":false},"excerpt":{"rendered":"<p>\u00bfNo tienes una cuenta? Reg\u00edstrate aqu\u00ed REG\u00cdSTRATE<\/p>\n","protected":false},"author":1,"featured_media":0,"parent":0,"menu_order":0,"comment_status":"closed","ping_status":"closed","template":"","meta":{"site-sidebar-layout":"default","site-content-layout":"","ast-site-content-layout":"default","site-content-style":"default","site-sidebar-style":"default","ast-global-header-display":"","ast-banner-title-visibility":"","ast-main-header-display":"","ast-hfb-above-header-display":"","ast-hfb-below-header-display":"","ast-hfb-mobile-header-display":"","site-post-title":"","ast-breadcrumbs-content":"","ast-featured-img":"","footer-sml-layout":"","ast-disable-related-posts":"","theme-transparent-header-meta":"","adv-header-id-meta":"","stick-header-meta":"","header-above-stick-meta":"","header-main-stick-meta":"","header-below-stick-meta":"","astra-migrate-meta-layouts":"default","ast-page-background-enabled":"default","ast-page-background-meta":{"desktop":{"background-color":"var(--ast-global-color-4)","background-image":"","background-repeat":"repeat","background-position":"center center","background-size":"auto","background-attachment":"scroll","background-type":"","background-media":"","overlay-type":"","overlay-color":"","overlay-opacity":"","overlay-gradient":""},"tablet":{"background-color":"","background-image":"","background-repeat":"repeat","background-position":"center center","background-size":"auto","background-attachment":"scroll","background-type":"","background-media":"","overlay-type":"","overlay-color":"","overlay-opacity":"","overlay-gradient":""},"mobile":{"background-color":"","background-image":"","background-repeat":"repeat","background-position":"center center","background-size":"auto","background-attachment":"scroll","background-type":"","background-media":"","overlay-type":"","overlay-color":"","overlay-opacity":"","overlay-gradient":""}},"ast-content-background-meta":{"desktop":{"background-color":"var(--ast-global-color-5)","background-image":"","background-repeat":"repeat","background-position":"center center","background-size":"auto","background-attachment":"scroll","background-type":"","background-media":"","overlay-type":"","overlay-color":"","overlay-opacity":"","overlay-gradient":""},"tablet":{"background-color":"var(--ast-global-color-5)","background-image":"","background-repeat":"repeat","background-position":"center center","background-size":"auto","background-attachment":"scroll","background-type":"","background-media":"","overlay-type":"","overlay-color":"","overlay-opacity":"","overlay-gradient":""},"mobile":{"background-color":"var(--ast-global-color-5)","background-image":"","background-repeat":"repeat","background-position":"center center","background-size":"auto","background-attachment":"scroll","background-type":"","background-media":"","overlay-type":"","overlay-color":"","overlay-opacity":"","overlay-gradient":""}},"_joinchat":[],"footnotes":""},"class_list":["post-454","page","type-page","status-publish","hentry"],"_links":{"self":[{"href":"https:\/\/krypton-villaclub.com\/home\/wp-json\/wp\/v2\/pages\/454","targetHints":{"allow":["GET"]}}],"collection":[{"href":"https:\/\/krypton-villaclub.com\/home\/wp-json\/wp\/v2\/pages"}],"about":[{"href":"https:\/\/krypton-villaclub.com\/home\/wp-json\/wp\/v2\/types\/page"}],"author":[{"embeddable":true,"href":"https:\/\/krypton-villaclub.com\/home\/wp-json\/wp\/v2\/users\/1"}],"replies":[{"embeddable":true,"href":"https:\/\/krypton-villaclub.com\/home\/wp-json\/wp\/v2\/comments?post=454"}],"version-history":[{"count":15,"href":"https:\/\/krypton-villaclub.com\/home\/wp-json\/wp\/v2\/pages\/454\/revisions"}],"predecessor-version":[{"id":773,"href":"https:\/\/krypton-villaclub.com\/home\/wp-json\/wp\/v2\/pages\/454\/revisions\/773"}],"wp:attachment":[{"href":"https:\/\/krypton-villaclub.com\/home\/wp-json\/wp\/v2\/media?parent=454"}],"curies":[{"name":"wp","href":"https:\/\/api.w.org\/{rel}","templated":true}]}}